{"id":10,"date":"2023-03-29T19:49:00","date_gmt":"2023-03-29T17:49:00","guid":{"rendered":"https:\/\/97er.ch\/?page_id=10"},"modified":"2023-08-28T19:16:18","modified_gmt":"2023-08-28T17:16:18","slug":"startseite","status":"publish","type":"page","link":"https:\/\/97er.ch\/","title":{"rendered":"Startseite"},"content":{"rendered":"\t\t<div data-elementor-type=\"wp-page\" data-elementor-id=\"10\" class=\"elementor elementor-10\">\n\t\t\t\t\t\t<section class=\"elementor-section elementor-top-section elementor-element elementor-element-6422c56 elementor-section-boxed elementor-section-height-default elementor-section-height-default elementor-invisible\" data-id=\"6422c56\" data-element_type=\"section\" data-e-type=\"section\" data-settings=\"{&quot;background_background&quot;:&quot;slideshow&quot;,&quot;background_slideshow_gallery&quot;:[{&quot;id&quot;:14,&quot;url&quot;:&quot;https:\\\/\\\/97er.ch\\\/wp-content\\\/uploads\\\/2023\\\/03\\\/kkuessnacht-1997er.jpg&quot;}],&quot;background_slideshow_ken_burns&quot;:&quot;yes&quot;,&quot;animation&quot;:&quot;fadeIn&quot;,&quot;background_slideshow_slide_duration&quot;:5000,&quot;background_slideshow_slide_transition&quot;:&quot;fade&quot;,&quot;background_slideshow_transition_duration&quot;:500,&quot;background_slideshow_ken_burns_zoom_direction&quot;:&quot;in&quot;}\">\n\t\t\t\t\t\t\t<div class=\"elementor-background-overlay\"><\/div>\n\t\t\t\t\t\t\t<div class=\"elementor-container elementor-column-gap-default\">\n\t\t\t\t\t<div class=\"elementor-column elementor-col-100 elementor-top-column elementor-element elementor-element-b0b6b8a\" data-id=\"b0b6b8a\" data-element_type=\"column\" data-e-type=\"column\" data-settings=\"{&quot;background_background&quot;:&quot;slideshow&quot;,&quot;background_slideshow_gallery&quot;:[],&quot;background_slideshow_loop&quot;:&quot;yes&quot;,&quot;background_slideshow_slide_duration&quot;:5000,&quot;background_slideshow_slide_transition&quot;:&quot;fade&quot;,&quot;background_slideshow_transition_duration&quot;:500}\">\n\t\t\t<div class=\"elementor-widget-wrap elementor-element-populated\">\n\t\t\t\t\t\t<div class=\"elementor-element elementor-element-418d3f3 animated-fast elementor-invisible elementor-widget elementor-widget-image\" data-id=\"418d3f3\" data-element_type=\"widget\" data-e-type=\"widget\" data-settings=\"{&quot;_animation&quot;:&quot;bounceIn&quot;}\" data-widget_type=\"image.default\">\n\t\t\t\t<div class=\"elementor-widget-container\">\n\t\t\t\t\t\t\t\t\t\t\t\t\t\t\t<img fetchpriority=\"high\" decoding=\"async\" width=\"1024\" height=\"512\" src=\"https:\/\/97er.ch\/wp-content\/uploads\/2023\/03\/klassentreffe-save-the-date-1024x512.png\" class=\"attachment-large size-large wp-image-15\" alt=\"\" srcset=\"https:\/\/97er.ch\/wp-content\/uploads\/2023\/03\/klassentreffe-save-the-date-1024x512.png 1024w, https:\/\/97er.ch\/wp-content\/uploads\/2023\/03\/klassentreffe-save-the-date-300x150.png 300w, https:\/\/97er.ch\/wp-content\/uploads\/2023\/03\/klassentreffe-save-the-date-768x384.png 768w, https:\/\/97er.ch\/wp-content\/uploads\/2023\/03\/klassentreffe-save-the-date-1536x768.png 1536w, https:\/\/97er.ch\/wp-content\/uploads\/2023\/03\/klassentreffe-save-the-date-2048x1024.png 2048w\" sizes=\"(max-width: 1024px) 100vw, 1024px\" \/>\t\t\t\t\t\t\t\t\t\t\t\t\t\t\t<\/div>\n\t\t\t\t<\/div>\n\t\t\t\t<div class=\"elementor-element elementor-element-ce14d87 elementor-view-default elementor-widget elementor-widget-icon\" data-id=\"ce14d87\" data-element_type=\"widget\" data-e-type=\"widget\" data-settings=\"{&quot;_animation_mobile&quot;:&quot;slideInUp&quot;}\" data-widget_type=\"icon.default\">\n\t\t\t\t<div class=\"elementor-widget-container\">\n\t\t\t\t\t\t\t<div class=\"elementor-icon-wrapper\">\n\t\t\t<div class=\"elementor-icon elementor-animation-pulse\">\n\t\t\t<i aria-hidden=\"true\" class=\"fas fa-long-arrow-alt-down\"><\/i>\t\t\t<\/div>\n\t\t<\/div>\n\t\t\t\t\t\t<\/div>\n\t\t\t\t<\/div>\n\t\t\t\t\t<\/div>\n\t\t<\/div>\n\t\t\t\t\t<\/div>\n\t\t<\/section>\n\t\t\t\t<section class=\"elementor-section elementor-top-section elementor-element elementor-element-48983b4 elementor-section-boxed elementor-section-height-default elementor-section-height-default\" data-id=\"48983b4\" data-element_type=\"section\" data-e-type=\"section\" data-settings=\"{&quot;background_background&quot;:&quot;classic&quot;}\">\n\t\t\t\t\t\t<div class=\"elementor-container elementor-column-gap-default\">\n\t\t\t\t\t<div class=\"elementor-column elementor-col-100 elementor-top-column elementor-element elementor-element-446e7a1\" data-id=\"446e7a1\" data-element_type=\"column\" data-e-type=\"column\">\n\t\t\t<div class=\"elementor-widget-wrap elementor-element-populated\">\n\t\t\t\t\t\t<div class=\"elementor-element elementor-element-3237ec7 elementor-widget elementor-widget-heading\" data-id=\"3237ec7\" data-element_type=\"widget\" data-e-type=\"widget\" data-widget_type=\"heading.default\">\n\t\t\t\t<div class=\"elementor-widget-container\">\n\t\t\t\t\t<h3 class=\"elementor-heading-title elementor-size-default\">Hier Erinnerungsbilder hochladen<\/h3>\t\t\t\t<\/div>\n\t\t\t\t<\/div>\n\t\t\t\t<div class=\"elementor-element elementor-element-837871e elementor-align-center elementor-widget elementor-widget-button\" data-id=\"837871e\" data-element_type=\"widget\" data-e-type=\"widget\" data-widget_type=\"button.default\">\n\t\t\t\t<div class=\"elementor-widget-container\">\n\t\t\t\t\t\t\t\t\t<div class=\"elementor-button-wrapper\">\n\t\t\t\t\t<a class=\"elementor-button elementor-button-link elementor-size-lg\" href=\"https:\/\/www.dropbox.com\/request\/pGxVtTBv0OsfJB89UPOj\" target=\"_blank\">\n\t\t\t\t\t\t<span class=\"elementor-button-content-wrapper\">\n\t\t\t\t\t\t\t\t\t<span class=\"elementor-button-text\">Bilder hochladen<\/span>\n\t\t\t\t\t<\/span>\n\t\t\t\t\t<\/a>\n\t\t\t\t<\/div>\n\t\t\t\t\t\t\t\t<\/div>\n\t\t\t\t<\/div>\n\t\t\t\t\t<\/div>\n\t\t<\/div>\n\t\t\t\t\t<\/div>\n\t\t<\/section>\n\t\t\t\t<section class=\"elementor-section elementor-top-section elementor-element elementor-element-4e488fb elementor-section-boxed elementor-section-height-default elementor-section-height-default\" data-id=\"4e488fb\" data-element_type=\"section\" data-e-type=\"section\">\n\t\t\t\t\t\t<div class=\"elementor-container elementor-column-gap-default\">\n\t\t\t\t\t<div class=\"elementor-column elementor-col-50 elementor-top-column elementor-element elementor-element-ea3fe39\" data-id=\"ea3fe39\" data-element_type=\"column\" data-e-type=\"column\">\n\t\t\t<div class=\"elementor-widget-wrap elementor-element-populated\">\n\t\t\t\t\t\t<div class=\"elementor-element elementor-element-822c3d6 elementor-widget elementor-widget-heading\" data-id=\"822c3d6\" data-element_type=\"widget\" data-e-type=\"widget\" data-widget_type=\"heading.default\">\n\t\t\t\t<div class=\"elementor-widget-container\">\n\t\t\t\t\t<h3 class=\"elementor-heading-title elementor-size-default\">Jetzt Kontaktinfos angeben<\/h3>\t\t\t\t<\/div>\n\t\t\t\t<\/div>\n\t\t\t\t<div class=\"elementor-element elementor-element-ba86df0 elementor-widget elementor-widget-text-editor\" data-id=\"ba86df0\" data-element_type=\"widget\" data-e-type=\"widget\" data-widget_type=\"text-editor.default\">\n\t\t\t\t<div class=\"elementor-widget-container\">\n\t\t\t\t\t\t\t\t\t<p>Liebi Schuelfr\u00fcnde<\/p><p>Es freut \u00fcs sehr, dass mier nach 10 Jahr ch\u00f6nd z\u00e4me fiire und alti Erinnerige uflebe lah. Mitem Ihzahle vom Bitrag vo 60 Franke bisch agmeldet. \ud83e\udd73 Mit debi isch en welcome Drink, Snacks und zum Znacht es mega Barbecue. Au f\u00fcr en Photo Booth und Beerpong Equipment isch gsorgt, also es lohnt sich und mier freued \u00fcs scho jetzt\u00a0uf \u00fcch!<\/p><p>Fotis:<br \/>F\u00fcr \u00fcses Jahrg\u00e4ngertr\u00e4ffe suechemer m\u00f6glichst viel alti Bilder us de Schuelziit womer am Abig ch\u00f6nd zeige. Bitte lad dini Bilder wo no gfindsch so bald wie m\u00f6glich hie uf der Website ufe.<\/p><div>Somit:<br \/><span style=\"color: var( --e-global-color-text ); background-color: var(--wp--preset--color--base); font-size: var(--wp--preset--font-size--medium);\"><br \/><b>\ud83d\udc49 SAVE THE DATE: Samstag, 23. September ab 16.00 Uhr in der Badi Seeburg in K\u00fcssnacht!<\/b><\/span><br \/><span style=\"font-weight: bold;\">\ud83d\udc49 Beitrag einzahlen und teilnehmen<\/span><span style=\"color: var( --e-global-color-text ); background-color: var(--wp--preset--color--base); font-size: var(--wp--preset--font-size--medium);\"><b><br \/><\/b><\/span><\/div><div><b>\ud83d\udc49 Jetzt Bilder aus der Schulzeit hochladen!<\/b><\/div><div>\u00a0<\/div>\t\t\t\t\t\t\t\t<\/div>\n\t\t\t\t<\/div>\n\t\t\t\t\t<\/div>\n\t\t<\/div>\n\t\t\t\t<div class=\"elementor-column elementor-col-50 elementor-top-column elementor-element elementor-element-44d97df\" data-id=\"44d97df\" data-element_type=\"column\" data-e-type=\"column\">\n\t\t\t<div class=\"elementor-widget-wrap elementor-element-populated\">\n\t\t\t\t\t\t<div class=\"elementor-element elementor-element-51df53a elementor-widget elementor-widget-image\" data-id=\"51df53a\" data-element_type=\"widget\" data-e-type=\"widget\" data-widget_type=\"image.default\">\n\t\t\t\t<div class=\"elementor-widget-container\">\n\t\t\t\t\t\t\t\t\t\t\t\t\t\t\t<img decoding=\"async\" width=\"731\" height=\"1024\" src=\"https:\/\/97er.ch\/wp-content\/uploads\/2023\/08\/97er-Flyer-731x1024.jpeg\" class=\"attachment-large size-large wp-image-80\" alt=\"\" srcset=\"https:\/\/97er.ch\/wp-content\/uploads\/2023\/08\/97er-Flyer-731x1024.jpeg 731w, https:\/\/97er.ch\/wp-content\/uploads\/2023\/08\/97er-Flyer-214x300.jpeg 214w, https:\/\/97er.ch\/wp-content\/uploads\/2023\/08\/97er-Flyer-768x1076.jpeg 768w, https:\/\/97er.ch\/wp-content\/uploads\/2023\/08\/97er-Flyer-1096x1536.jpeg 1096w, https:\/\/97er.ch\/wp-content\/uploads\/2023\/08\/97er-Flyer.jpeg 1142w\" sizes=\"(max-width: 731px) 100vw, 731px\" \/>\t\t\t\t\t\t\t\t\t\t\t\t\t\t\t<\/div>\n\t\t\t\t<\/div>\n\t\t\t\t\t<\/div>\n\t\t<\/div>\n\t\t\t\t\t<\/div>\n\t\t<\/section>\n\t\t\t\t<section class=\"elementor-section elementor-top-section elementor-element elementor-element-e650e45 elementor-section-boxed elementor-section-height-default elementor-section-height-default\" data-id=\"e650e45\" data-element_type=\"section\" data-e-type=\"section\" data-settings=\"{&quot;background_background&quot;:&quot;classic&quot;}\">\n\t\t\t\t\t\t<div class=\"elementor-container elementor-column-gap-default\">\n\t\t\t\t\t<div class=\"elementor-column elementor-col-100 elementor-top-column elementor-element elementor-element-ad096a1\" data-id=\"ad096a1\" data-element_type=\"column\" data-e-type=\"column\">\n\t\t\t<div class=\"elementor-widget-wrap elementor-element-populated\">\n\t\t\t\t\t\t<div class=\"elementor-element elementor-element-5247ba4 elementor-widget elementor-widget-heading\" data-id=\"5247ba4\" data-element_type=\"widget\" data-e-type=\"widget\" data-widget_type=\"heading.default\">\n\t\t\t\t<div class=\"elementor-widget-container\">\n\t\t\t\t\t<h3 class=\"elementor-heading-title elementor-size-default\">Hier Erinnerungsbilder hochladen<\/h3>\t\t\t\t<\/div>\n\t\t\t\t<\/div>\n\t\t\t\t<div class=\"elementor-element elementor-element-174a30c elementor-align-center elementor-widget elementor-widget-button\" data-id=\"174a30c\" data-element_type=\"widget\" data-e-type=\"widget\" data-widget_type=\"button.default\">\n\t\t\t\t<div class=\"elementor-widget-container\">\n\t\t\t\t\t\t\t\t\t<div class=\"elementor-button-wrapper\">\n\t\t\t\t\t<a class=\"elementor-button elementor-button-link elementor-size-lg\" href=\"https:\/\/www.dropbox.com\/request\/pGxVtTBv0OsfJB89UPOj\" target=\"_blank\">\n\t\t\t\t\t\t<span class=\"elementor-button-content-wrapper\">\n\t\t\t\t\t\t\t\t\t<span class=\"elementor-button-text\">Bilder hochladen<\/span>\n\t\t\t\t\t<\/span>\n\t\t\t\t\t<\/a>\n\t\t\t\t<\/div>\n\t\t\t\t\t\t\t\t<\/div>\n\t\t\t\t<\/div>\n\t\t\t\t\t<\/div>\n\t\t<\/div>\n\t\t\t\t\t<\/div>\n\t\t<\/section>\n\t\t\t\t<section class=\"elementor-section elementor-top-section elementor-element elementor-element-be6c634 elementor-section-boxed elementor-section-height-default elementor-section-height-default\" data-id=\"be6c634\" data-element_type=\"section\" data-e-type=\"section\" data-settings=\"{&quot;background_background&quot;:&quot;classic&quot;}\">\n\t\t\t\t\t\t<div class=\"elementor-container elementor-column-gap-default\">\n\t\t\t\t\t<div class=\"elementor-column elementor-col-100 elementor-top-column elementor-element elementor-element-1de0d7a\" data-id=\"1de0d7a\" data-element_type=\"column\" data-e-type=\"column\">\n\t\t\t<div class=\"elementor-widget-wrap elementor-element-populated\">\n\t\t\t\t\t\t<div class=\"elementor-element elementor-element-9c0740f elementor-widget elementor-widget-heading\" data-id=\"9c0740f\" data-element_type=\"widget\" data-e-type=\"widget\" data-widget_type=\"heading.default\">\n\t\t\t\t<div class=\"elementor-widget-container\">\n\t\t\t\t\t<h2 class=\"elementor-heading-title elementor-size-default\">Das OK-Team<\/h2>\t\t\t\t<\/div>\n\t\t\t\t<\/div>\n\t\t\t\t<div class=\"elementor-element elementor-element-573b356 elementor-widget elementor-widget-text-editor\" data-id=\"573b356\" data-element_type=\"widget\" data-e-type=\"widget\" data-widget_type=\"text-editor.default\">\n\t\t\t\t<div class=\"elementor-widget-container\">\n\t\t\t\t\t\t\t\t\t<div>Sara M\u00fcller, OK-Pr\u00e4sidentin<br \/>Olivia Brand, Location<br \/>Fabienne Bissig, Adressen<br \/>Rahel Linder, Adressen<br \/>Dawi Heng, Entertainment<br \/>Samuel L\u00fctolf, Aktuar<\/div>\t\t\t\t\t\t\t\t<\/div>\n\t\t\t\t<\/div>\n\t\t\t\t\t<\/div>\n\t\t<\/div>\n\t\t\t\t\t<\/div>\n\t\t<\/section>\n\t\t\t\t<\/div>\n\t\t","protected":false},"excerpt":{"rendered":"<p>Hier Erinnerungsbilder hochladen Bilder hochladen Jetzt Kontaktinfos angeben Liebi Schuelfr\u00fcnde Es freut \u00fcs sehr, dass mier nach 10 Jahr ch\u00f6nd z\u00e4me fiire und alti Erinnerige uflebe lah. Mitem Ihzahle vom Bitrag vo 60 Franke bisch agmeldet. \ud83e\udd73 Mit debi isch en welcome Drink, Snacks und zum Znacht es mega Barbecue. Au f\u00fcr en Photo Booth [&hellip;]<\/p>\n","protected":false},"author":2,"featured_media":0,"parent":0,"menu_order":0,"comment_status":"closed","ping_status":"closed","template":"elementor_canvas","meta":{"footnotes":""},"class_list":["post-10","page","type-page","status-publish","hentry"],"_links":{"self":[{"href":"https:\/\/97er.ch\/index.php?rest_route=\/wp\/v2\/pages\/10","targetHints":{"allow":["GET"]}}],"collection":[{"href":"https:\/\/97er.ch\/index.php?rest_route=\/wp\/v2\/pages"}],"about":[{"href":"https:\/\/97er.ch\/index.php?rest_route=\/wp\/v2\/types\/page"}],"author":[{"embeddable":true,"href":"https:\/\/97er.ch\/index.php?rest_route=\/wp\/v2\/users\/2"}],"replies":[{"embeddable":true,"href":"https:\/\/97er.ch\/index.php?rest_route=%2Fwp%2Fv2%2Fcomments&post=10"}],"version-history":[{"count":64,"href":"https:\/\/97er.ch\/index.php?rest_route=\/wp\/v2\/pages\/10\/revisions"}],"predecessor-version":[{"id":86,"href":"https:\/\/97er.ch\/index.php?rest_route=\/wp\/v2\/pages\/10\/revisions\/86"}],"wp:attachment":[{"href":"https:\/\/97er.ch\/index.php?rest_route=%2Fwp%2Fv2%2Fmedia&parent=10"}],"curies":[{"name":"wp","href":"https:\/\/api.w.org\/{rel}","templated":true}]}}